{"id":8,"date":"2016-09-14T13:06:38","date_gmt":"2016-09-14T11:06:38","guid":{"rendered":"http:\/\/www.chateau-grinou.com\/?page_id=8"},"modified":"2016-10-10T13:56:02","modified_gmt":"2016-10-10T11:56:02","slug":"qui-sommes-nous","status":"publish","type":"page","link":"https:\/\/www.chateau-grinou.com\/index.php\/qui-sommes-nous\/","title":{"rendered":"Qui sommes nous ?"},"content":{"rendered":"<p>Le <strong>Ch\u00e2teau Grinou<\/strong> fut fond\u00e9 en 1978 sur les terres d\u2019un ancien monast\u00e8re datant du 12\u00e8me si\u00e8cle, situ\u00e9 sur les collines du sud ouest de la Dordogne entre les trois AOC, Bordeaux, Bergerac et Duras.<\/p>\n<p><a href=\"https:\/\/i0.wp.com\/www.chateau-grinou.com\/wp-content\/uploads\/2016\/09\/CATHERINE-ET-GUY-CUISSET.gif\"><img decoding=\"async\" loading=\"lazy\" class=\"wp-image-6 alignleft\" src=\"https:\/\/i0.wp.com\/www.chateau-grinou.com\/wp-content\/uploads\/2016\/09\/CATHERINE-ET-GUY-CUISSET.gif?resize=393%2C228\" alt=\"propri\u00e9taire vigne chateau grinou\" width=\"393\" height=\"228\" data-recalc-dims=\"1\" \/><\/a><\/p>\n<p>Ici commence le \u201cHaut Pays\u201d d\u2019o\u00f9 provenaient les gabarres (bateaux \u00e0 fond plat naviguant sur la Dordogne) transportant jusqu\u2019\u00e0 l\u2019Atlantique les tonneaux de vin destin\u00e9s \u00e0 l\u2019exportation vers Les Pays Bas et l\u2019Angleterre.<br \/>\nC\u2019est la capacit\u00e9 exceptionnelle du P\u00e9rigord \u00e0 produire des grands vins liquoreux, des blancs secs fascinants et des rouges subtils et passionnants, qui en fait un paradis pour les gourmets.<br \/>\nLe succ\u00e8s des vins du ch\u00e2teau Grinou repose sur la formidable alliance du climat, des sols, des c\u00e9pages et du savoir-faire du vigneron.<br \/>\nAu fil des ann\u00e9es, toutes ces conditions ont permis d\u2019\u00e9laborer des vins exceptionnels. C\u2019est cette symbiose que l\u2019on nomme : Magie du Terroir.<\/p>\n","protected":false},"excerpt":{"rendered":"<p>Le Ch\u00e2teau Grinou fut fond\u00e9 en 1978 sur les terres d\u2019un ancien monast\u00e8re datant du 12\u00e8me si\u00e8cle, situ\u00e9 sur les collines du [&hellip;]<\/p>\n","protected":false},"author":2,"featured_media":0,"parent":0,"menu_order":0,"comment_status":"closed","ping_status":"closed","template":"","meta":{"ngg_post_thumbnail":0,"jetpack_post_was_ever_published":false,"footnotes":""},"yoast_head":"<!-- This site is optimized with the Yoast SEO plugin v22.6 - https:\/\/yoast.com\/wordpress\/plugins\/seo\/ -->\n<title>Qui sommes nous ? - Ch\u00e2teau Grinou<\/title>\n<meta name=\"robots\" content=\"index, follow, max-snippet:-1, max-image-preview:large, max-video-preview:-1\" \/>\n<link rel=\"canonical\" href=\"https:\/\/www.chateau-grinou.com\/index.php\/qui-sommes-nous\/\" \/>\n<meta name=\"twitter:label1\" content=\"Dur\u00e9e de lecture estim\u00e9e\" \/>\n\t<meta name=\"twitter:data1\" content=\"1 minute\" \/>\n<script type=\"application\/ld+json\" class=\"yoast-schema-graph\">{\"@context\":\"https:\/\/schema.org\",\"@graph\":[{\"@type\":\"WebPage\",\"@id\":\"https:\/\/www.chateau-grinou.com\/index.php\/qui-sommes-nous\/\",\"url\":\"https:\/\/www.chateau-grinou.com\/index.php\/qui-sommes-nous\/\",\"name\":\"Qui sommes nous ? - Ch\u00e2teau Grinou\",\"isPartOf\":{\"@id\":\"https:\/\/www.chateau-grinou.com\/#website\"},\"primaryImageOfPage\":{\"@id\":\"https:\/\/www.chateau-grinou.com\/index.php\/qui-sommes-nous\/#primaryimage\"},\"image\":{\"@id\":\"https:\/\/www.chateau-grinou.com\/index.php\/qui-sommes-nous\/#primaryimage\"},\"thumbnailUrl\":\"http:\/\/www.chateau-grinou.com\/wp-content\/uploads\/2016\/09\/CATHERINE-ET-GUY-CUISSET.gif\",\"datePublished\":\"2016-09-14T11:06:38+00:00\",\"dateModified\":\"2016-10-10T11:56:02+00:00\",\"breadcrumb\":{\"@id\":\"https:\/\/www.chateau-grinou.com\/index.php\/qui-sommes-nous\/#breadcrumb\"},\"inLanguage\":\"fr-FR\",\"potentialAction\":[{\"@type\":\"ReadAction\",\"target\":[\"https:\/\/www.chateau-grinou.com\/index.php\/qui-sommes-nous\/\"]}]},{\"@type\":\"ImageObject\",\"inLanguage\":\"fr-FR\",\"@id\":\"https:\/\/www.chateau-grinou.com\/index.php\/qui-sommes-nous\/#primaryimage\",\"url\":\"http:\/\/www.chateau-grinou.com\/wp-content\/uploads\/2016\/09\/CATHERINE-ET-GUY-CUISSET.gif\",\"contentUrl\":\"http:\/\/www.chateau-grinou.com\/wp-content\/uploads\/2016\/09\/CATHERINE-ET-GUY-CUISSET.gif\"},{\"@type\":\"BreadcrumbList\",\"@id\":\"https:\/\/www.chateau-grinou.com\/index.php\/qui-sommes-nous\/#breadcrumb\",\"itemListElement\":[{\"@type\":\"ListItem\",\"position\":1,\"name\":\"Accueil\",\"item\":\"https:\/\/www.chateau-grinou.com\/index.php\/presentation-chateau-grinou\/\"},{\"@type\":\"ListItem\",\"position\":2,\"name\":\"Qui sommes nous ?\"}]},{\"@type\":\"WebSite\",\"@id\":\"https:\/\/www.chateau-grinou.com\/#website\",\"url\":\"https:\/\/www.chateau-grinou.com\/\",\"name\":\"Ch\u00e2teau Grinou\",\"description\":\"\",\"potentialAction\":[{\"@type\":\"SearchAction\",\"target\":{\"@type\":\"EntryPoint\",\"urlTemplate\":\"https:\/\/www.chateau-grinou.com\/?s={search_term_string}\"},\"query-input\":\"required name=search_term_string\"}],\"inLanguage\":\"fr-FR\"}]}<\/script>\n<!-- \/ Yoast SEO plugin. -->","yoast_head_json":{"title":"Qui sommes nous ? - Ch\u00e2teau Grinou","robots":{"index":"index","follow":"follow","max-snippet":"max-snippet:-1","max-image-preview":"max-image-preview:large","max-video-preview":"max-video-preview:-1"},"canonical":"https:\/\/www.chateau-grinou.com\/index.php\/qui-sommes-nous\/","twitter_misc":{"Dur\u00e9e de lecture estim\u00e9e":"1 minute"},"schema":{"@context":"https:\/\/schema.org","@graph":[{"@type":"WebPage","@id":"https:\/\/www.chateau-grinou.com\/index.php\/qui-sommes-nous\/","url":"https:\/\/www.chateau-grinou.com\/index.php\/qui-sommes-nous\/","name":"Qui sommes nous ? - Ch\u00e2teau Grinou","isPartOf":{"@id":"https:\/\/www.chateau-grinou.com\/#website"},"primaryImageOfPage":{"@id":"https:\/\/www.chateau-grinou.com\/index.php\/qui-sommes-nous\/#primaryimage"},"image":{"@id":"https:\/\/www.chateau-grinou.com\/index.php\/qui-sommes-nous\/#primaryimage"},"thumbnailUrl":"http:\/\/www.chateau-grinou.com\/wp-content\/uploads\/2016\/09\/CATHERINE-ET-GUY-CUISSET.gif","datePublished":"2016-09-14T11:06:38+00:00","dateModified":"2016-10-10T11:56:02+00:00","breadcrumb":{"@id":"https:\/\/www.chateau-grinou.com\/index.php\/qui-sommes-nous\/#breadcrumb"},"inLanguage":"fr-FR","potentialAction":[{"@type":"ReadAction","target":["https:\/\/www.chateau-grinou.com\/index.php\/qui-sommes-nous\/"]}]},{"@type":"ImageObject","inLanguage":"fr-FR","@id":"https:\/\/www.chateau-grinou.com\/index.php\/qui-sommes-nous\/#primaryimage","url":"http:\/\/www.chateau-grinou.com\/wp-content\/uploads\/2016\/09\/CATHERINE-ET-GUY-CUISSET.gif","contentUrl":"http:\/\/www.chateau-grinou.com\/wp-content\/uploads\/2016\/09\/CATHERINE-ET-GUY-CUISSET.gif"},{"@type":"BreadcrumbList","@id":"https:\/\/www.chateau-grinou.com\/index.php\/qui-sommes-nous\/#breadcrumb","itemListElement":[{"@type":"ListItem","position":1,"name":"Accueil","item":"https:\/\/www.chateau-grinou.com\/index.php\/presentation-chateau-grinou\/"},{"@type":"ListItem","position":2,"name":"Qui sommes nous ?"}]},{"@type":"WebSite","@id":"https:\/\/www.chateau-grinou.com\/#website","url":"https:\/\/www.chateau-grinou.com\/","name":"Ch\u00e2teau Grinou","description":"","potentialAction":[{"@type":"SearchAction","target":{"@type":"EntryPoint","urlTemplate":"https:\/\/www.chateau-grinou.com\/?s={search_term_string}"},"query-input":"required name=search_term_string"}],"inLanguage":"fr-FR"}]}},"jetpack_sharing_enabled":true,"jetpack_shortlink":"https:\/\/wp.me\/P8gead-8","jetpack-related-posts":[],"_links":{"self":[{"href":"https:\/\/www.chateau-grinou.com\/index.php\/wp-json\/wp\/v2\/pages\/8"}],"collection":[{"href":"https:\/\/www.chateau-grinou.com\/index.php\/wp-json\/wp\/v2\/pages"}],"about":[{"href":"https:\/\/www.chateau-grinou.com\/index.php\/wp-json\/wp\/v2\/types\/page"}],"author":[{"embeddable":true,"href":"https:\/\/www.chateau-grinou.com\/index.php\/wp-json\/wp\/v2\/users\/2"}],"replies":[{"embeddable":true,"href":"https:\/\/www.chateau-grinou.com\/index.php\/wp-json\/wp\/v2\/comments?post=8"}],"version-history":[{"count":15,"href":"https:\/\/www.chateau-grinou.com\/index.php\/wp-json\/wp\/v2\/pages\/8\/revisions"}],"predecessor-version":[{"id":219,"href":"https:\/\/www.chateau-grinou.com\/index.php\/wp-json\/wp\/v2\/pages\/8\/revisions\/219"}],"wp:attachment":[{"href":"https:\/\/www.chateau-grinou.com\/index.php\/wp-json\/wp\/v2\/media?parent=8"}],"curies":[{"name":"wp","href":"https:\/\/api.w.org\/{rel}","templated":true}]}}