{"id":335,"date":"2016-12-05T10:51:43","date_gmt":"2016-12-05T09:51:43","guid":{"rendered":"http:\/\/www.chateau-grinou.com\/?page_id=335"},"modified":"2016-12-06T19:58:11","modified_gmt":"2016-12-06T18:58:11","slug":"petite-histoire-de-chateau-grinou","status":"publish","type":"page","link":"https:\/\/www.chateau-grinou.com\/index.php\/presentation-chateau-grinou\/petite-histoire-de-chateau-grinou\/","title":{"rendered":"La Petite Histoire de Ch\u00e2teau Grinou"},"content":{"rendered":"<p>Quand le grand-p\u00e8re de <strong>Guy Cuisset<\/strong> a achet\u00e9 le domaine au d\u00e9but du XX\u00e8me si\u00e8cle, il \u00e9tait presque \u00e0 l&rsquo;abandon. On savait&nbsp;qu&rsquo;un monast\u00e8re s&rsquo;y trouvait autrefois (d&rsquo;o\u00f9 vient le nom du village : <strong>Monestier<\/strong>)<br \/>\nMais&nbsp;bien avant cela, l&rsquo;homme avait senti qu&rsquo;il ferait bon vivre \u00e0 cet endroit, si l&rsquo;on en juge, les multiples vestiges pr\u00e9historique que l&rsquo;on trouve dans les vignes.<\/p>\n<p>&nbsp;<\/p>\n<h3><a href=\"https:\/\/i0.wp.com\/www.chateau-grinou.com\/wp-content\/uploads\/2016\/11\/famille-cuisset.jpg\"><img decoding=\"async\" loading=\"lazy\" class=\"size-medium wp-image-281 alignleft\" src=\"https:\/\/i0.wp.com\/www.chateau-grinou.com\/wp-content\/uploads\/2016\/11\/famille-cuisset-300x200.jpg?resize=300%2C200\" alt=\"M Cuisset et fils\" width=\"300\" height=\"200\" srcset=\"https:\/\/i0.wp.com\/www.chateau-grinou.com\/wp-content\/uploads\/2016\/11\/famille-cuisset.jpg?resize=300%2C200&amp;ssl=1 300w, https:\/\/i0.wp.com\/www.chateau-grinou.com\/wp-content\/uploads\/2016\/11\/famille-cuisset.jpg?resize=768%2C512&amp;ssl=1 768w, https:\/\/i0.wp.com\/www.chateau-grinou.com\/wp-content\/uploads\/2016\/11\/famille-cuisset.jpg?resize=1024%2C683&amp;ssl=1 1024w, https:\/\/i0.wp.com\/www.chateau-grinou.com\/wp-content\/uploads\/2016\/11\/famille-cuisset.jpg?w=1500&amp;ssl=1 1500w\" sizes=\"(max-width: 300px) 100vw, 300px\" data-recalc-dims=\"1\" \/><\/a>La Communaut\u00e9 et Moi<\/h3>\n<p>Depuis des d\u00e9cennies de culture de nos terres, nous retrouvons r\u00e9guli\u00e8rement dans les vignes des silex taill\u00e9s : bifaces, pointes de fl\u00e8che, haches polies, couteaux\u2026 Ces vestiges du pal\u00e9olithique sup\u00e9rieur t\u00e9moignent d\u2019une occupation de la r\u00e9gion depuis des mill\u00e9naires par nos lointains anc\u00eatres. Des hommes vivaient l\u00e0 il y a 20 000 ans. Notre choix d\u2019une culture biologique durable et responsable, respectueuse de l\u2019environnement et des hommes, ne pouvait \u00eatre mieux repr\u00e9sent\u00e9 que par un de ces outils ayant travers\u00e9 les \u00e2ges, rappelant l\u2019appartenance de l\u2019homme \u00e0 la nature, et notre responsabilit\u00e9 vis-\u00e0-vis de ce que nous produisons et l\u00e9guerons aux g\u00e9n\u00e9rations futures.<br \/>\n&nbsp;<\/p>\n<p>Pas de stress pour les&nbsp;vignes du Ch\u00e2teau Grinou. Elles ont une croissance harmonieuse, sans carences ni exc\u00e8s, aucun d\u00e9s\u00e9quilibre. M\u00eame la taille a \u00e9t\u00e9 revue pour \u00eatre plus douce et moins traumatisante. Nous mettons en place une <strong>dynamique<\/strong> de vie <strong>biologique<\/strong> et <strong>favorable.<br \/>\n<\/strong><\/p>\n<p>En conclusion, ce&nbsp;sont les conditions id\u00e9ales pour que la vigne nous donne de <strong>bons raisins<\/strong>.<\/p>\n<h3>L&rsquo;\u00e9quipe Ch\u00e2teau Grinou<\/h3>\n<p><strong>&nbsp;<\/strong><\/p>\n<p>&nbsp;<\/p>\n<p><a href=\"https:\/\/i0.wp.com\/www.chateau-grinou.com\/wp-content\/uploads\/2016\/11\/vigne-chateau-grinou-byplane-B.jpg\"><img decoding=\"async\" loading=\"lazy\" class=\"aligncenter wp-image-283\" src=\"https:\/\/i0.wp.com\/www.chateau-grinou.com\/wp-content\/uploads\/2016\/11\/vigne-chateau-grinou-byplane-B-1024x683.jpg?resize=1110%2C740\" alt=\"domaine chateau grinou by plane\" width=\"1110\" height=\"740\" srcset=\"https:\/\/i0.wp.com\/www.chateau-grinou.com\/wp-content\/uploads\/2016\/11\/vigne-chateau-grinou-byplane-B.jpg?resize=1024%2C683&amp;ssl=1 1024w, https:\/\/i0.wp.com\/www.chateau-grinou.com\/wp-content\/uploads\/2016\/11\/vigne-chateau-grinou-byplane-B.jpg?resize=300%2C200&amp;ssl=1 300w, https:\/\/i0.wp.com\/www.chateau-grinou.com\/wp-content\/uploads\/2016\/11\/vigne-chateau-grinou-byplane-B.jpg?resize=768%2C512&amp;ssl=1 768w, https:\/\/i0.wp.com\/www.chateau-grinou.com\/wp-content\/uploads\/2016\/11\/vigne-chateau-grinou-byplane-B.jpg?w=1500&amp;ssl=1 1500w\" sizes=\"(max-width: 1110px) 100vw, 1110px\" data-recalc-dims=\"1\" \/><\/a><\/p>\n<p>&nbsp;<\/p>\n<h3>&nbsp;<\/h3>\n","protected":false},"excerpt":{"rendered":"<p>Quand le grand-p\u00e8re de Guy Cuisset a achet\u00e9 le domaine au d\u00e9but du XX\u00e8me si\u00e8cle, il \u00e9tait presque \u00e0 l&rsquo;abandon. On savait&nbsp;qu&rsquo;un [&hellip;]<\/p>\n","protected":false},"author":2,"featured_media":0,"parent":2,"menu_order":0,"comment_status":"closed","ping_status":"closed","template":"page-templates\/page_fullwidth.php","meta":{"ngg_post_thumbnail":0,"jetpack_post_was_ever_published":false,"footnotes":""},"yoast_head":"<!-- This site is optimized with the Yoast SEO plugin v22.6 - https:\/\/yoast.com\/wordpress\/plugins\/seo\/ -->\n<title>La Petite Histoire de Ch\u00e2teau Grinou - Ch\u00e2teau Grinou<\/title>\n<meta name=\"robots\" content=\"index, follow, max-snippet:-1, max-image-preview:large, max-video-preview:-1\" \/>\n<link rel=\"canonical\" href=\"https:\/\/www.chateau-grinou.com\/index.php\/presentation-chateau-grinou\/petite-histoire-de-chateau-grinou\/\" \/>\n<meta name=\"twitter:label1\" content=\"Dur\u00e9e de lecture estim\u00e9e\" \/>\n\t<meta name=\"twitter:data1\" content=\"1 minute\" \/>\n<script type=\"application\/ld+json\" class=\"yoast-schema-graph\">{\"@context\":\"https:\/\/schema.org\",\"@graph\":[{\"@type\":\"WebPage\",\"@id\":\"https:\/\/www.chateau-grinou.com\/index.php\/presentation-chateau-grinou\/petite-histoire-de-chateau-grinou\/\",\"url\":\"https:\/\/www.chateau-grinou.com\/index.php\/presentation-chateau-grinou\/petite-histoire-de-chateau-grinou\/\",\"name\":\"La Petite Histoire de Ch\u00e2teau Grinou - Ch\u00e2teau Grinou\",\"isPartOf\":{\"@id\":\"https:\/\/www.chateau-grinou.com\/#website\"},\"primaryImageOfPage\":{\"@id\":\"https:\/\/www.chateau-grinou.com\/index.php\/presentation-chateau-grinou\/petite-histoire-de-chateau-grinou\/#primaryimage\"},\"image\":{\"@id\":\"https:\/\/www.chateau-grinou.com\/index.php\/presentation-chateau-grinou\/petite-histoire-de-chateau-grinou\/#primaryimage\"},\"thumbnailUrl\":\"http:\/\/www.chateau-grinou.com\/wp-content\/uploads\/2016\/11\/famille-cuisset-300x200.jpg\",\"datePublished\":\"2016-12-05T09:51:43+00:00\",\"dateModified\":\"2016-12-06T18:58:11+00:00\",\"breadcrumb\":{\"@id\":\"https:\/\/www.chateau-grinou.com\/index.php\/presentation-chateau-grinou\/petite-histoire-de-chateau-grinou\/#breadcrumb\"},\"inLanguage\":\"fr-FR\",\"potentialAction\":[{\"@type\":\"ReadAction\",\"target\":[\"https:\/\/www.chateau-grinou.com\/index.php\/presentation-chateau-grinou\/petite-histoire-de-chateau-grinou\/\"]}]},{\"@type\":\"ImageObject\",\"inLanguage\":\"fr-FR\",\"@id\":\"https:\/\/www.chateau-grinou.com\/index.php\/presentation-chateau-grinou\/petite-histoire-de-chateau-grinou\/#primaryimage\",\"url\":\"http:\/\/www.chateau-grinou.com\/wp-content\/uploads\/2016\/11\/famille-cuisset-300x200.jpg\",\"contentUrl\":\"http:\/\/www.chateau-grinou.com\/wp-content\/uploads\/2016\/11\/famille-cuisset-300x200.jpg\"},{\"@type\":\"BreadcrumbList\",\"@id\":\"https:\/\/www.chateau-grinou.com\/index.php\/presentation-chateau-grinou\/petite-histoire-de-chateau-grinou\/#breadcrumb\",\"itemListElement\":[{\"@type\":\"ListItem\",\"position\":1,\"name\":\"Accueil\",\"item\":\"https:\/\/www.chateau-grinou.com\/index.php\/presentation-chateau-grinou\/\"},{\"@type\":\"ListItem\",\"position\":2,\"name\":\"Pr\u00e9sentation du vignoble Ch\u00e2teau Grinou\",\"item\":\"https:\/\/www.chateau-grinou.com\/index.php\/presentation-chateau-grinou\/\"},{\"@type\":\"ListItem\",\"position\":3,\"name\":\"La Petite Histoire de Ch\u00e2teau Grinou\"}]},{\"@type\":\"WebSite\",\"@id\":\"https:\/\/www.chateau-grinou.com\/#website\",\"url\":\"https:\/\/www.chateau-grinou.com\/\",\"name\":\"Ch\u00e2teau Grinou\",\"description\":\"\",\"potentialAction\":[{\"@type\":\"SearchAction\",\"target\":{\"@type\":\"EntryPoint\",\"urlTemplate\":\"https:\/\/www.chateau-grinou.com\/?s={search_term_string}\"},\"query-input\":\"required name=search_term_string\"}],\"inLanguage\":\"fr-FR\"}]}<\/script>\n<!-- \/ Yoast SEO plugin. -->","yoast_head_json":{"title":"La Petite Histoire de Ch\u00e2teau Grinou - Ch\u00e2teau Grinou","robots":{"index":"index","follow":"follow","max-snippet":"max-snippet:-1","max-image-preview":"max-image-preview:large","max-video-preview":"max-video-preview:-1"},"canonical":"https:\/\/www.chateau-grinou.com\/index.php\/presentation-chateau-grinou\/petite-histoire-de-chateau-grinou\/","twitter_misc":{"Dur\u00e9e de lecture estim\u00e9e":"1 minute"},"schema":{"@context":"https:\/\/schema.org","@graph":[{"@type":"WebPage","@id":"https:\/\/www.chateau-grinou.com\/index.php\/presentation-chateau-grinou\/petite-histoire-de-chateau-grinou\/","url":"https:\/\/www.chateau-grinou.com\/index.php\/presentation-chateau-grinou\/petite-histoire-de-chateau-grinou\/","name":"La Petite Histoire de Ch\u00e2teau Grinou - Ch\u00e2teau Grinou","isPartOf":{"@id":"https:\/\/www.chateau-grinou.com\/#website"},"primaryImageOfPage":{"@id":"https:\/\/www.chateau-grinou.com\/index.php\/presentation-chateau-grinou\/petite-histoire-de-chateau-grinou\/#primaryimage"},"image":{"@id":"https:\/\/www.chateau-grinou.com\/index.php\/presentation-chateau-grinou\/petite-histoire-de-chateau-grinou\/#primaryimage"},"thumbnailUrl":"http:\/\/www.chateau-grinou.com\/wp-content\/uploads\/2016\/11\/famille-cuisset-300x200.jpg","datePublished":"2016-12-05T09:51:43+00:00","dateModified":"2016-12-06T18:58:11+00:00","breadcrumb":{"@id":"https:\/\/www.chateau-grinou.com\/index.php\/presentation-chateau-grinou\/petite-histoire-de-chateau-grinou\/#breadcrumb"},"inLanguage":"fr-FR","potentialAction":[{"@type":"ReadAction","target":["https:\/\/www.chateau-grinou.com\/index.php\/presentation-chateau-grinou\/petite-histoire-de-chateau-grinou\/"]}]},{"@type":"ImageObject","inLanguage":"fr-FR","@id":"https:\/\/www.chateau-grinou.com\/index.php\/presentation-chateau-grinou\/petite-histoire-de-chateau-grinou\/#primaryimage","url":"http:\/\/www.chateau-grinou.com\/wp-content\/uploads\/2016\/11\/famille-cuisset-300x200.jpg","contentUrl":"http:\/\/www.chateau-grinou.com\/wp-content\/uploads\/2016\/11\/famille-cuisset-300x200.jpg"},{"@type":"BreadcrumbList","@id":"https:\/\/www.chateau-grinou.com\/index.php\/presentation-chateau-grinou\/petite-histoire-de-chateau-grinou\/#breadcrumb","itemListElement":[{"@type":"ListItem","position":1,"name":"Accueil","item":"https:\/\/www.chateau-grinou.com\/index.php\/presentation-chateau-grinou\/"},{"@type":"ListItem","position":2,"name":"Pr\u00e9sentation du vignoble Ch\u00e2teau Grinou","item":"https:\/\/www.chateau-grinou.com\/index.php\/presentation-chateau-grinou\/"},{"@type":"ListItem","position":3,"name":"La Petite Histoire de Ch\u00e2teau Grinou"}]},{"@type":"WebSite","@id":"https:\/\/www.chateau-grinou.com\/#website","url":"https:\/\/www.chateau-grinou.com\/","name":"Ch\u00e2teau Grinou","description":"","potentialAction":[{"@type":"SearchAction","target":{"@type":"EntryPoint","urlTemplate":"https:\/\/www.chateau-grinou.com\/?s={search_term_string}"},"query-input":"required name=search_term_string"}],"inLanguage":"fr-FR"}]}},"jetpack_sharing_enabled":true,"jetpack_shortlink":"https:\/\/wp.me\/P8gead-5p","jetpack-related-posts":[],"_links":{"self":[{"href":"https:\/\/www.chateau-grinou.com\/index.php\/wp-json\/wp\/v2\/pages\/335"}],"collection":[{"href":"https:\/\/www.chateau-grinou.com\/index.php\/wp-json\/wp\/v2\/pages"}],"about":[{"href":"https:\/\/www.chateau-grinou.com\/index.php\/wp-json\/wp\/v2\/types\/page"}],"author":[{"embeddable":true,"href":"https:\/\/www.chateau-grinou.com\/index.php\/wp-json\/wp\/v2\/users\/2"}],"replies":[{"embeddable":true,"href":"https:\/\/www.chateau-grinou.com\/index.php\/wp-json\/wp\/v2\/comments?post=335"}],"version-history":[{"count":7,"href":"https:\/\/www.chateau-grinou.com\/index.php\/wp-json\/wp\/v2\/pages\/335\/revisions"}],"predecessor-version":[{"id":346,"href":"https:\/\/www.chateau-grinou.com\/index.php\/wp-json\/wp\/v2\/pages\/335\/revisions\/346"}],"up":[{"embeddable":true,"href":"https:\/\/www.chateau-grinou.com\/index.php\/wp-json\/wp\/v2\/pages\/2"}],"wp:attachment":[{"href":"https:\/\/www.chateau-grinou.com\/index.php\/wp-json\/wp\/v2\/media?parent=335"}],"curies":[{"name":"wp","href":"https:\/\/api.w.org\/{rel}","templated":true}]}}