{"id":24,"date":"2016-09-14T13:32:10","date_gmt":"2016-09-14T11:32:10","guid":{"rendered":"http:\/\/www.chateau-grinou.com\/?page_id=24"},"modified":"2017-09-08T09:42:37","modified_gmt":"2017-09-08T07:42:37","slug":"nos-vignes","status":"publish","type":"page","link":"https:\/\/www.chateau-grinou.com\/index.php\/nos-vignes\/","title":{"rendered":"Domaine Ch\u00e2teau Grinou"},"content":{"rendered":"<p>La vigne se sent bien sur notre terroir.<\/p>\n<p>Elle se situe \u00e0 mi-chemin entre l&rsquo;Atlantique et le Massif Central.<\/p>\n<p>Le climat est mod\u00e9r\u00e9 et les sols bien \u00e9quilibr\u00e9s en calcaire, argile et mati\u00e8re organique.<!--more--><\/p>\n<p>Nous y avons ajout\u00e9 l&rsquo;agriculture biologique depuis 10 ans&#8230;..<\/p>\n<p>D\u00e9barrass\u00e9 de tous les pesticides, enrichi par les engrais verts, \u00e9quilibr\u00e9 en profondeur par les racines des plantes compagnes et le travail continu de toutes les \u00ab\u00a0petites b\u00eates\u00a0\u00bb qui l&rsquo;explorent, le fouillent et le fertilisent. Notre sol est maintenant le meilleur endroit o\u00f9 un pied de vigne peut esp\u00e9rer plonger ses racines.<\/p>\n<p><a href=\"https:\/\/i0.wp.com\/www.chateau-grinou.com\/wp-content\/uploads\/2016\/09\/Cuissetetfils.jpg\"><img decoding=\"async\" loading=\"lazy\" class=\"aligncenter wp-image-61 size-large\" src=\"https:\/\/i0.wp.com\/www.chateau-grinou.com\/wp-content\/uploads\/2016\/09\/Cuissetetfils-1024x724.jpg?resize=1024%2C724\" alt=\"cuissetetfils\" width=\"1024\" height=\"724\" srcset=\"https:\/\/i0.wp.com\/www.chateau-grinou.com\/wp-content\/uploads\/2016\/09\/Cuissetetfils.jpg?resize=1024%2C724&amp;ssl=1 1024w, https:\/\/i0.wp.com\/www.chateau-grinou.com\/wp-content\/uploads\/2016\/09\/Cuissetetfils.jpg?resize=300%2C212&amp;ssl=1 300w, https:\/\/i0.wp.com\/www.chateau-grinou.com\/wp-content\/uploads\/2016\/09\/Cuissetetfils.jpg?resize=768%2C543&amp;ssl=1 768w, https:\/\/i0.wp.com\/www.chateau-grinou.com\/wp-content\/uploads\/2016\/09\/Cuissetetfils.jpg?resize=800%2C566&amp;ssl=1 800w, https:\/\/i0.wp.com\/www.chateau-grinou.com\/wp-content\/uploads\/2016\/09\/Cuissetetfils.jpg?w=2048&amp;ssl=1 2048w\" sizes=\"(max-width: 1024px) 100vw, 1024px\" data-recalc-dims=\"1\" \/><\/a><br \/>\nLes c\u00e9pages blancs sont situ\u00e9s sur les sols plus calcaires, pour atteindre une min\u00e9ralit\u00e9 particuli\u00e8re sur le Sauvignon. Tandis que le S\u00e9millon est situ\u00e9s sur des sols en argile, qui y puise la substance et la rondeur. Et enfin pour le Merlot, il est situ\u00e9 sur des sols caillouteux. Il aime bien les \u00e9boulis calcaires pour \u00e9quilibrer la structure et adoucir les tanins.<\/p>\n<p>&nbsp;<\/p>\n<h2>Engrais Vert dans les Vignes de Grinou<\/h2>\n<p>Depuis plus de 10ans, nous avons mis en place sur notre vignoble des techniques agronomiques utilisant diverses plantes, pour nous aider \u00e0 g\u00e9rer, prot\u00e9ger et am\u00e9liorer la vie des sols !<br \/>\nOn les appelle Couverts V\u00e9g\u00e9taux, ou Engrais Verts !<br \/>\n<iframe loading=\"lazy\" src=\"https:\/\/www.youtube.com\/embed\/RhukX7rdhMQ?rel=0\" width=\"560\" height=\"315\" frameborder=\"0\" allowfullscreen=\"allowfullscreen\"><\/iframe><\/p>\n","protected":false},"excerpt":{"rendered":"<p>La vigne se sent bien sur notre terroir. Elle se situe \u00e0 mi-chemin entre l&rsquo;Atlantique et le Massif Central. Le climat est [&hellip;]<\/p>\n","protected":false},"author":2,"featured_media":53,"parent":0,"menu_order":0,"comment_status":"closed","ping_status":"closed","template":"","meta":{"ngg_post_thumbnail":0,"jetpack_post_was_ever_published":false,"footnotes":""},"yoast_head":"<!-- This site is optimized with the Yoast SEO plugin v22.6 - https:\/\/yoast.com\/wordpress\/plugins\/seo\/ -->\n<title>Domaine Ch\u00e2teau Grinou - Ch\u00e2teau Grinou<\/title>\n<meta name=\"robots\" content=\"index, follow, max-snippet:-1, max-image-preview:large, max-video-preview:-1\" \/>\n<link rel=\"canonical\" href=\"https:\/\/www.chateau-grinou.com\/index.php\/nos-vignes\/\" \/>\n<meta name=\"twitter:label1\" content=\"Dur\u00e9e de lecture estim\u00e9e\" \/>\n\t<meta name=\"twitter:data1\" content=\"1 minute\" \/>\n<script type=\"application\/ld+json\" class=\"yoast-schema-graph\">{\"@context\":\"https:\/\/schema.org\",\"@graph\":[{\"@type\":\"WebPage\",\"@id\":\"https:\/\/www.chateau-grinou.com\/index.php\/nos-vignes\/\",\"url\":\"https:\/\/www.chateau-grinou.com\/index.php\/nos-vignes\/\",\"name\":\"Domaine Ch\u00e2teau Grinou - Ch\u00e2teau Grinou\",\"isPartOf\":{\"@id\":\"https:\/\/www.chateau-grinou.com\/#website\"},\"primaryImageOfPage\":{\"@id\":\"https:\/\/www.chateau-grinou.com\/index.php\/nos-vignes\/#primaryimage\"},\"image\":{\"@id\":\"https:\/\/www.chateau-grinou.com\/index.php\/nos-vignes\/#primaryimage\"},\"thumbnailUrl\":\"https:\/\/i0.wp.com\/www.chateau-grinou.com\/wp-content\/uploads\/2016\/09\/dans-nos-vignes.png?fit=1638%2C474&ssl=1\",\"datePublished\":\"2016-09-14T11:32:10+00:00\",\"dateModified\":\"2017-09-08T07:42:37+00:00\",\"breadcrumb\":{\"@id\":\"https:\/\/www.chateau-grinou.com\/index.php\/nos-vignes\/#breadcrumb\"},\"inLanguage\":\"fr-FR\",\"potentialAction\":[{\"@type\":\"ReadAction\",\"target\":[\"https:\/\/www.chateau-grinou.com\/index.php\/nos-vignes\/\"]}]},{\"@type\":\"ImageObject\",\"inLanguage\":\"fr-FR\",\"@id\":\"https:\/\/www.chateau-grinou.com\/index.php\/nos-vignes\/#primaryimage\",\"url\":\"https:\/\/i0.wp.com\/www.chateau-grinou.com\/wp-content\/uploads\/2016\/09\/dans-nos-vignes.png?fit=1638%2C474&ssl=1\",\"contentUrl\":\"https:\/\/i0.wp.com\/www.chateau-grinou.com\/wp-content\/uploads\/2016\/09\/dans-nos-vignes.png?fit=1638%2C474&ssl=1\",\"width\":1638,\"height\":474},{\"@type\":\"BreadcrumbList\",\"@id\":\"https:\/\/www.chateau-grinou.com\/index.php\/nos-vignes\/#breadcrumb\",\"itemListElement\":[{\"@type\":\"ListItem\",\"position\":1,\"name\":\"Accueil\",\"item\":\"https:\/\/www.chateau-grinou.com\/index.php\/presentation-chateau-grinou\/\"},{\"@type\":\"ListItem\",\"position\":2,\"name\":\"Domaine Ch\u00e2teau Grinou\"}]},{\"@type\":\"WebSite\",\"@id\":\"https:\/\/www.chateau-grinou.com\/#website\",\"url\":\"https:\/\/www.chateau-grinou.com\/\",\"name\":\"Ch\u00e2teau Grinou\",\"description\":\"\",\"potentialAction\":[{\"@type\":\"SearchAction\",\"target\":{\"@type\":\"EntryPoint\",\"urlTemplate\":\"https:\/\/www.chateau-grinou.com\/?s={search_term_string}\"},\"query-input\":\"required name=search_term_string\"}],\"inLanguage\":\"fr-FR\"}]}<\/script>\n<!-- \/ Yoast SEO plugin. -->","yoast_head_json":{"title":"Domaine Ch\u00e2teau Grinou - Ch\u00e2teau Grinou","robots":{"index":"index","follow":"follow","max-snippet":"max-snippet:-1","max-image-preview":"max-image-preview:large","max-video-preview":"max-video-preview:-1"},"canonical":"https:\/\/www.chateau-grinou.com\/index.php\/nos-vignes\/","twitter_misc":{"Dur\u00e9e de lecture estim\u00e9e":"1 minute"},"schema":{"@context":"https:\/\/schema.org","@graph":[{"@type":"WebPage","@id":"https:\/\/www.chateau-grinou.com\/index.php\/nos-vignes\/","url":"https:\/\/www.chateau-grinou.com\/index.php\/nos-vignes\/","name":"Domaine Ch\u00e2teau Grinou - Ch\u00e2teau Grinou","isPartOf":{"@id":"https:\/\/www.chateau-grinou.com\/#website"},"primaryImageOfPage":{"@id":"https:\/\/www.chateau-grinou.com\/index.php\/nos-vignes\/#primaryimage"},"image":{"@id":"https:\/\/www.chateau-grinou.com\/index.php\/nos-vignes\/#primaryimage"},"thumbnailUrl":"https:\/\/i0.wp.com\/www.chateau-grinou.com\/wp-content\/uploads\/2016\/09\/dans-nos-vignes.png?fit=1638%2C474&ssl=1","datePublished":"2016-09-14T11:32:10+00:00","dateModified":"2017-09-08T07:42:37+00:00","breadcrumb":{"@id":"https:\/\/www.chateau-grinou.com\/index.php\/nos-vignes\/#breadcrumb"},"inLanguage":"fr-FR","potentialAction":[{"@type":"ReadAction","target":["https:\/\/www.chateau-grinou.com\/index.php\/nos-vignes\/"]}]},{"@type":"ImageObject","inLanguage":"fr-FR","@id":"https:\/\/www.chateau-grinou.com\/index.php\/nos-vignes\/#primaryimage","url":"https:\/\/i0.wp.com\/www.chateau-grinou.com\/wp-content\/uploads\/2016\/09\/dans-nos-vignes.png?fit=1638%2C474&ssl=1","contentUrl":"https:\/\/i0.wp.com\/www.chateau-grinou.com\/wp-content\/uploads\/2016\/09\/dans-nos-vignes.png?fit=1638%2C474&ssl=1","width":1638,"height":474},{"@type":"BreadcrumbList","@id":"https:\/\/www.chateau-grinou.com\/index.php\/nos-vignes\/#breadcrumb","itemListElement":[{"@type":"ListItem","position":1,"name":"Accueil","item":"https:\/\/www.chateau-grinou.com\/index.php\/presentation-chateau-grinou\/"},{"@type":"ListItem","position":2,"name":"Domaine Ch\u00e2teau Grinou"}]},{"@type":"WebSite","@id":"https:\/\/www.chateau-grinou.com\/#website","url":"https:\/\/www.chateau-grinou.com\/","name":"Ch\u00e2teau Grinou","description":"","potentialAction":[{"@type":"SearchAction","target":{"@type":"EntryPoint","urlTemplate":"https:\/\/www.chateau-grinou.com\/?s={search_term_string}"},"query-input":"required name=search_term_string"}],"inLanguage":"fr-FR"}]}},"jetpack_sharing_enabled":true,"jetpack_shortlink":"https:\/\/wp.me\/P8gead-o","jetpack-related-posts":[],"_links":{"self":[{"href":"https:\/\/www.chateau-grinou.com\/index.php\/wp-json\/wp\/v2\/pages\/24"}],"collection":[{"href":"https:\/\/www.chateau-grinou.com\/index.php\/wp-json\/wp\/v2\/pages"}],"about":[{"href":"https:\/\/www.chateau-grinou.com\/index.php\/wp-json\/wp\/v2\/types\/page"}],"author":[{"embeddable":true,"href":"https:\/\/www.chateau-grinou.com\/index.php\/wp-json\/wp\/v2\/users\/2"}],"replies":[{"embeddable":true,"href":"https:\/\/www.chateau-grinou.com\/index.php\/wp-json\/wp\/v2\/comments?post=24"}],"version-history":[{"count":29,"href":"https:\/\/www.chateau-grinou.com\/index.php\/wp-json\/wp\/v2\/pages\/24\/revisions"}],"predecessor-version":[{"id":542,"href":"https:\/\/www.chateau-grinou.com\/index.php\/wp-json\/wp\/v2\/pages\/24\/revisions\/542"}],"wp:featuredmedia":[{"embeddable":true,"href":"https:\/\/www.chateau-grinou.com\/index.php\/wp-json\/wp\/v2\/media\/53"}],"wp:attachment":[{"href":"https:\/\/www.chateau-grinou.com\/index.php\/wp-json\/wp\/v2\/media?parent=24"}],"curies":[{"name":"wp","href":"https:\/\/api.w.org\/{rel}","templated":true}]}}