{"id":2,"date":"2016-09-14T09:39:59","date_gmt":"2016-09-14T07:39:59","guid":{"rendered":"http:\/\/chateau-grinou.com\/?page_id=2"},"modified":"2022-11-01T09:33:52","modified_gmt":"2022-11-01T08:33:52","slug":"presentation-chateau-grinou","status":"publish","type":"page","link":"https:\/\/www.chateau-grinou.com\/index.php\/presentation-chateau-grinou\/","title":{"rendered":"Pr\u00e9sentation du vignoble Ch\u00e2teau Grinou"},"content":{"rendered":"<p><a name=\"presentation-chateau-grinou\"><\/a><\/p>\n<h3><strong>Cuv\u00e9es Ch\u00e2teau Grinou disponibles \u00e0 la vente&nbsp;<\/strong><\/h3>\n<p>&nbsp;<\/p>\n<div id='gallery-1' class='gallery galleryid-2 gallery-columns-6 gallery-size-medium'><figure class='gallery-item'>\n\t\t\t<div class='gallery-icon portrait'>\n\t\t\t\t<a href='https:\/\/i0.wp.com\/www.chateau-grinou.com\/wp-content\/uploads\/2016\/09\/grand-vin-rouge-grinou.jpg?ssl=1'><img width=\"67\" height=\"300\" src=\"https:\/\/i0.wp.com\/www.chateau-grinou.com\/wp-content\/uploads\/2016\/09\/grand-vin-rouge-grinou.jpg?fit=67%2C300&amp;ssl=1\" class=\"attachment-medium size-medium\" alt=\"grand-vin-rouge-grinou\" decoding=\"async\" aria-describedby=\"gallery-1-314\" loading=\"lazy\" srcset=\"https:\/\/i0.wp.com\/www.chateau-grinou.com\/wp-content\/uploads\/2016\/09\/grand-vin-rouge-grinou.jpg?w=72&amp;ssl=1 72w, https:\/\/i0.wp.com\/www.chateau-grinou.com\/wp-content\/uploads\/2016\/09\/grand-vin-rouge-grinou.jpg?resize=67%2C300&amp;ssl=1 67w\" sizes=\"(max-width: 67px) 100vw, 67px\" \/><\/a>\n\t\t\t<\/div>\n\t\t\t\t<figcaption class='wp-caption-text gallery-caption' id='gallery-1-314'>\n\t\t\t\tRouge cuv\u00e9e Grand Vin\n\t\t\t\t<\/figcaption><\/figure><figure class='gallery-item'>\n\t\t\t<div class='gallery-icon portrait'>\n\t\t\t\t<a href='https:\/\/i0.wp.com\/www.chateau-grinou.com\/wp-content\/uploads\/2016\/09\/reserve-blanc-grinou.jpg?ssl=1'><img width=\"83\" height=\"300\" src=\"https:\/\/i0.wp.com\/www.chateau-grinou.com\/wp-content\/uploads\/2016\/09\/reserve-blanc-grinou.jpg?fit=83%2C300&amp;ssl=1\" class=\"attachment-medium size-medium\" alt=\"reserve-blanc-grinou\" decoding=\"async\" aria-describedby=\"gallery-1-315\" loading=\"lazy\" srcset=\"https:\/\/i0.wp.com\/www.chateau-grinou.com\/wp-content\/uploads\/2016\/09\/reserve-blanc-grinou.jpg?w=87&amp;ssl=1 87w, https:\/\/i0.wp.com\/www.chateau-grinou.com\/wp-content\/uploads\/2016\/09\/reserve-blanc-grinou.jpg?resize=83%2C300&amp;ssl=1 83w\" sizes=\"(max-width: 83px) 100vw, 83px\" \/><\/a>\n\t\t\t<\/div>\n\t\t\t\t<figcaption class='wp-caption-text gallery-caption' id='gallery-1-315'>\n\t\t\t\tBlanc cuv\u00e9e R\u00e9serve\n\t\t\t\t<\/figcaption><\/figure><figure class='gallery-item'>\n\t\t\t<div class='gallery-icon portrait'>\n\t\t\t\t<a href='https:\/\/i0.wp.com\/www.chateau-grinou.com\/wp-content\/uploads\/2016\/09\/reserve-rouge-grinou.jpg?ssl=1'><img width=\"88\" height=\"300\" src=\"https:\/\/i0.wp.com\/www.chateau-grinou.com\/wp-content\/uploads\/2016\/09\/reserve-rouge-grinou.jpg?fit=88%2C300&amp;ssl=1\" class=\"attachment-medium size-medium\" alt=\"reserve-rouge-grinou\" decoding=\"async\" aria-describedby=\"gallery-1-316\" loading=\"lazy\" srcset=\"https:\/\/i0.wp.com\/www.chateau-grinou.com\/wp-content\/uploads\/2016\/09\/reserve-rouge-grinou.jpg?w=95&amp;ssl=1 95w, https:\/\/i0.wp.com\/www.chateau-grinou.com\/wp-content\/uploads\/2016\/09\/reserve-rouge-grinou.jpg?resize=88%2C300&amp;ssl=1 88w\" sizes=\"(max-width: 88px) 100vw, 88px\" \/><\/a>\n\t\t\t<\/div>\n\t\t\t\t<figcaption class='wp-caption-text gallery-caption' id='gallery-1-316'>\n\t\t\t\tRouge cuv\u00e9e R\u00e9serve\n\t\t\t\t<\/figcaption><\/figure><figure class='gallery-item'>\n\t\t\t<div class='gallery-icon portrait'>\n\t\t\t\t<a href='https:\/\/i0.wp.com\/www.chateau-grinou.com\/wp-content\/uploads\/2016\/09\/tradition-blanc-grinou.jpg?ssl=1'><img width=\"81\" height=\"300\" src=\"https:\/\/i0.wp.com\/www.chateau-grinou.com\/wp-content\/uploads\/2016\/09\/tradition-blanc-grinou.jpg?fit=81%2C300&amp;ssl=1\" class=\"attachment-medium size-medium\" alt=\"tradition-blanc-grinou\" decoding=\"async\" aria-describedby=\"gallery-1-317\" loading=\"lazy\" srcset=\"https:\/\/i0.wp.com\/www.chateau-grinou.com\/wp-content\/uploads\/2016\/09\/tradition-blanc-grinou.jpg?w=86&amp;ssl=1 86w, https:\/\/i0.wp.com\/www.chateau-grinou.com\/wp-content\/uploads\/2016\/09\/tradition-blanc-grinou.jpg?resize=81%2C300&amp;ssl=1 81w\" sizes=\"(max-width: 81px) 100vw, 81px\" \/><\/a>\n\t\t\t<\/div>\n\t\t\t\t<figcaption class='wp-caption-text gallery-caption' id='gallery-1-317'>\n\t\t\t\tBlanc cuv\u00e9e tradition\n\t\t\t\t<\/figcaption><\/figure><figure class='gallery-item'>\n\t\t\t<div class='gallery-icon portrait'>\n\t\t\t\t<a href='https:\/\/i0.wp.com\/www.chateau-grinou.com\/wp-content\/uploads\/2016\/09\/tradition-rouge-grinou.jpg?ssl=1'><img width=\"85\" height=\"300\" src=\"https:\/\/i0.wp.com\/www.chateau-grinou.com\/wp-content\/uploads\/2016\/09\/tradition-rouge-grinou.jpg?fit=85%2C300&amp;ssl=1\" class=\"attachment-medium size-medium\" alt=\"tradition-rouge-grinou\" decoding=\"async\" aria-describedby=\"gallery-1-319\" loading=\"lazy\" srcset=\"https:\/\/i0.wp.com\/www.chateau-grinou.com\/wp-content\/uploads\/2016\/09\/tradition-rouge-grinou.jpg?w=88&amp;ssl=1 88w, https:\/\/i0.wp.com\/www.chateau-grinou.com\/wp-content\/uploads\/2016\/09\/tradition-rouge-grinou.jpg?resize=85%2C300&amp;ssl=1 85w\" sizes=\"(max-width: 85px) 100vw, 85px\" \/><\/a>\n\t\t\t<\/div>\n\t\t\t\t<figcaption class='wp-caption-text gallery-caption' id='gallery-1-319'>\n\t\t\t\tRouge cuv\u00e9e tradition\n\t\t\t\t<\/figcaption><\/figure><figure class='gallery-item'>\n\t\t\t<div class='gallery-icon portrait'>\n\t\t\t\t<a href='https:\/\/i0.wp.com\/www.chateau-grinou.com\/wp-content\/uploads\/2016\/09\/tradition-rose-grinou.jpg?ssl=1'><img width=\"74\" height=\"300\" src=\"https:\/\/i0.wp.com\/www.chateau-grinou.com\/wp-content\/uploads\/2016\/09\/tradition-rose-grinou.jpg?fit=74%2C300&amp;ssl=1\" class=\"attachment-medium size-medium\" alt=\"tradition-rose-grinou\" decoding=\"async\" aria-describedby=\"gallery-1-318\" loading=\"lazy\" srcset=\"https:\/\/i0.wp.com\/www.chateau-grinou.com\/wp-content\/uploads\/2016\/09\/tradition-rose-grinou.jpg?w=78&amp;ssl=1 78w, https:\/\/i0.wp.com\/www.chateau-grinou.com\/wp-content\/uploads\/2016\/09\/tradition-rose-grinou.jpg?resize=74%2C300&amp;ssl=1 74w\" sizes=\"(max-width: 74px) 100vw, 74px\" \/><\/a>\n\t\t\t<\/div>\n\t\t\t\t<figcaption class='wp-caption-text gallery-caption' id='gallery-1-318'>\n\t\t\t\tRos\u00e9 cuv\u00e9e tradition\n\t\t\t\t<\/figcaption><\/figure>\n\t\t<\/div>\n\n<h1><a href=\"https:\/\/i0.wp.com\/www.chateau-grinou.com\/wp-content\/uploads\/2016\/11\/vigne-x-chateau-grinou-byplane.jpg\"><img decoding=\"async\" loading=\"lazy\" class=\"wp-image-284 size-medium alignright\" src=\"https:\/\/i0.wp.com\/www.chateau-grinou.com\/wp-content\/uploads\/2016\/11\/vigne-x-chateau-grinou-byplane-300x200.jpg?resize=300%2C200\" width=\"300\" height=\"200\" srcset=\"https:\/\/i0.wp.com\/www.chateau-grinou.com\/wp-content\/uploads\/2016\/11\/vigne-x-chateau-grinou-byplane.jpg?resize=300%2C200&amp;ssl=1 300w, https:\/\/i0.wp.com\/www.chateau-grinou.com\/wp-content\/uploads\/2016\/11\/vigne-x-chateau-grinou-byplane.jpg?resize=768%2C512&amp;ssl=1 768w, https:\/\/i0.wp.com\/www.chateau-grinou.com\/wp-content\/uploads\/2016\/11\/vigne-x-chateau-grinou-byplane.jpg?resize=1024%2C683&amp;ssl=1 1024w, https:\/\/i0.wp.com\/www.chateau-grinou.com\/wp-content\/uploads\/2016\/11\/vigne-x-chateau-grinou-byplane.jpg?w=1500&amp;ssl=1 1500w\" sizes=\"(max-width: 300px) 100vw, 300px\" data-recalc-dims=\"1\" \/><\/a><\/h1>\n<h1>&nbsp;<\/h1>\n<h1><strong>Bergerac et son terroir<\/strong>&nbsp;<\/h1>\n<p>La vigne se sent bien sur notre terroir. <strong>Ch\u00e2teau Grinou<\/strong>&nbsp;se situe \u00e0 mi-chemin entre l&rsquo;Atlantique et le Massif Central.<\/p>\n<p>Le climat est mod\u00e9r\u00e9 et les sols bien \u00e9quilibr\u00e9s en calcaire, argile et mati\u00e8re organique. Nous y avons ajout\u00e9 l&rsquo;agriculture biologique depuis 10 ans: d\u00e9barrass\u00e9 de tous les pesticides, enrichi par les engrais verts, \u00e9quilibr\u00e9 en profondeur par les racines des plantes compagnes et le travail continu de toutes les \u00ab\u00a0petites b\u00eates\u00a0\u00bb qui l&rsquo;explorent, le fouillent et le fertilisent.<\/p>\n<h1>&nbsp;<\/h1>\n<h1>Ch\u00e2teau Grinou, un terroir&nbsp;sur mesure<\/h1>\n<p>Notre sol est maintenant le meilleur endroit o\u00f9 un pied de vigne peut esp\u00e9rer plonger ses racines. Les c\u00e9pages blancs sont situ\u00e9s sur les sols plus calcaires, pour atteindre une min\u00e9ralit\u00e9 particuli\u00e8re sur le <a href=\"http:\/\/www.chateau-grinou.com\/index.php\/bergerac-bio\/\">Sauvignon<\/a>. Tandis que le <a href=\"http:\/\/www.chateau-grinou.com\/index.php\/2016\/10\/10\/saussignac-chateau-grinou\/\">S\u00e9millon <\/a>est situ\u00e9s sur des sols en argile, qui y puise la substance et la rondeur. Et enfin pour le <a href=\"http:\/\/www.chateau-grinou.com\/index.php\/2016\/10\/10\/reserve-rouge-chateau-grinou\/\">Merlot<\/a>, il est situ\u00e9 sur des sols caillouteux. Il aime bien les \u00e9boulis calcaires pour \u00e9quilibrer la structure et adoucir les tanins.<\/p>\n<hr>\n<h4>&nbsp;<\/h4>\n<p><!--[custom-facebook-feed]\n\n--><\/p>\n","protected":false},"excerpt":{"rendered":"<p>Cuv\u00e9es Ch\u00e2teau Grinou disponibles \u00e0 la vente&nbsp; &nbsp; &nbsp; Bergerac et son terroir&nbsp; La vigne se sent bien sur notre terroir. Ch\u00e2teau [&hellip;]<\/p>\n","protected":false},"author":1,"featured_media":0,"parent":0,"menu_order":0,"comment_status":"closed","ping_status":"open","template":"page-templates\/page_fullwidth.php","meta":{"ngg_post_thumbnail":0,"jetpack_post_was_ever_published":false,"footnotes":""},"yoast_head":"<!-- This site is optimized with the Yoast SEO plugin v22.6 - https:\/\/yoast.com\/wordpress\/plugins\/seo\/ -->\n<title>Vignoble Ch\u00e2teau Grinou, vins Bio Appellations Berger<\/title>\n<meta name=\"description\" content=\"Ch\u00e2teau Grinou, des vins Bio d&#039;exceptions de Bergerac. Guy Cuisset, vous propose des vins rouges, blancs et liquoreux de grande qualit\u00e9\" \/>\n<meta name=\"robots\" content=\"index, follow, max-snippet:-1, max-image-preview:large, max-video-preview:-1\" \/>\n<link rel=\"canonical\" href=\"https:\/\/www.chateau-grinou.com\/index.php\/presentation-chateau-grinou\/\" \/>\n<meta name=\"twitter:label1\" content=\"Dur\u00e9e de lecture estim\u00e9e\" \/>\n\t<meta name=\"twitter:data1\" content=\"2 minutes\" \/>\n<script type=\"application\/ld+json\" class=\"yoast-schema-graph\">{\"@context\":\"https:\/\/schema.org\",\"@graph\":[{\"@type\":\"WebPage\",\"@id\":\"https:\/\/www.chateau-grinou.com\/index.php\/presentation-chateau-grinou\/\",\"url\":\"https:\/\/www.chateau-grinou.com\/index.php\/presentation-chateau-grinou\/\",\"name\":\"Vignoble Ch\u00e2teau Grinou, vins Bio Appellations Berger\",\"isPartOf\":{\"@id\":\"https:\/\/www.chateau-grinou.com\/#website\"},\"primaryImageOfPage\":{\"@id\":\"https:\/\/www.chateau-grinou.com\/index.php\/presentation-chateau-grinou\/#primaryimage\"},\"image\":{\"@id\":\"https:\/\/www.chateau-grinou.com\/index.php\/presentation-chateau-grinou\/#primaryimage\"},\"thumbnailUrl\":\"http:\/\/www.chateau-grinou.com\/wp-content\/uploads\/2016\/11\/vigne-x-chateau-grinou-byplane-300x200.jpg\",\"datePublished\":\"2016-09-14T07:39:59+00:00\",\"dateModified\":\"2022-11-01T08:33:52+00:00\",\"description\":\"Ch\u00e2teau Grinou, des vins Bio d'exceptions de Bergerac. Guy Cuisset, vous propose des vins rouges, blancs et liquoreux de grande qualit\u00e9\",\"breadcrumb\":{\"@id\":\"https:\/\/www.chateau-grinou.com\/index.php\/presentation-chateau-grinou\/#breadcrumb\"},\"inLanguage\":\"fr-FR\",\"potentialAction\":[{\"@type\":\"ReadAction\",\"target\":[\"https:\/\/www.chateau-grinou.com\/index.php\/presentation-chateau-grinou\/\"]}]},{\"@type\":\"ImageObject\",\"inLanguage\":\"fr-FR\",\"@id\":\"https:\/\/www.chateau-grinou.com\/index.php\/presentation-chateau-grinou\/#primaryimage\",\"url\":\"http:\/\/www.chateau-grinou.com\/wp-content\/uploads\/2016\/11\/vigne-x-chateau-grinou-byplane-300x200.jpg\",\"contentUrl\":\"http:\/\/www.chateau-grinou.com\/wp-content\/uploads\/2016\/11\/vigne-x-chateau-grinou-byplane-300x200.jpg\"},{\"@type\":\"BreadcrumbList\",\"@id\":\"https:\/\/www.chateau-grinou.com\/index.php\/presentation-chateau-grinou\/#breadcrumb\",\"itemListElement\":[{\"@type\":\"ListItem\",\"position\":1,\"name\":\"Accueil\",\"item\":\"https:\/\/www.chateau-grinou.com\/index.php\/presentation-chateau-grinou\/\"},{\"@type\":\"ListItem\",\"position\":2,\"name\":\"Pr\u00e9sentation du vignoble Ch\u00e2teau Grinou\"}]},{\"@type\":\"WebSite\",\"@id\":\"https:\/\/www.chateau-grinou.com\/#website\",\"url\":\"https:\/\/www.chateau-grinou.com\/\",\"name\":\"Ch\u00e2teau Grinou\",\"description\":\"\",\"potentialAction\":[{\"@type\":\"SearchAction\",\"target\":{\"@type\":\"EntryPoint\",\"urlTemplate\":\"https:\/\/www.chateau-grinou.com\/?s={search_term_string}\"},\"query-input\":\"required name=search_term_string\"}],\"inLanguage\":\"fr-FR\"}]}<\/script>\n<!-- \/ Yoast SEO plugin. -->","yoast_head_json":{"title":"Vignoble Ch\u00e2teau Grinou, vins Bio Appellations Berger","description":"Ch\u00e2teau Grinou, des vins Bio d'exceptions de Bergerac. Guy Cuisset, vous propose des vins rouges, blancs et liquoreux de grande qualit\u00e9","robots":{"index":"index","follow":"follow","max-snippet":"max-snippet:-1","max-image-preview":"max-image-preview:large","max-video-preview":"max-video-preview:-1"},"canonical":"https:\/\/www.chateau-grinou.com\/index.php\/presentation-chateau-grinou\/","twitter_misc":{"Dur\u00e9e de lecture estim\u00e9e":"2 minutes"},"schema":{"@context":"https:\/\/schema.org","@graph":[{"@type":"WebPage","@id":"https:\/\/www.chateau-grinou.com\/index.php\/presentation-chateau-grinou\/","url":"https:\/\/www.chateau-grinou.com\/index.php\/presentation-chateau-grinou\/","name":"Vignoble Ch\u00e2teau Grinou, vins Bio Appellations Berger","isPartOf":{"@id":"https:\/\/www.chateau-grinou.com\/#website"},"primaryImageOfPage":{"@id":"https:\/\/www.chateau-grinou.com\/index.php\/presentation-chateau-grinou\/#primaryimage"},"image":{"@id":"https:\/\/www.chateau-grinou.com\/index.php\/presentation-chateau-grinou\/#primaryimage"},"thumbnailUrl":"http:\/\/www.chateau-grinou.com\/wp-content\/uploads\/2016\/11\/vigne-x-chateau-grinou-byplane-300x200.jpg","datePublished":"2016-09-14T07:39:59+00:00","dateModified":"2022-11-01T08:33:52+00:00","description":"Ch\u00e2teau Grinou, des vins Bio d'exceptions de Bergerac. Guy Cuisset, vous propose des vins rouges, blancs et liquoreux de grande qualit\u00e9","breadcrumb":{"@id":"https:\/\/www.chateau-grinou.com\/index.php\/presentation-chateau-grinou\/#breadcrumb"},"inLanguage":"fr-FR","potentialAction":[{"@type":"ReadAction","target":["https:\/\/www.chateau-grinou.com\/index.php\/presentation-chateau-grinou\/"]}]},{"@type":"ImageObject","inLanguage":"fr-FR","@id":"https:\/\/www.chateau-grinou.com\/index.php\/presentation-chateau-grinou\/#primaryimage","url":"http:\/\/www.chateau-grinou.com\/wp-content\/uploads\/2016\/11\/vigne-x-chateau-grinou-byplane-300x200.jpg","contentUrl":"http:\/\/www.chateau-grinou.com\/wp-content\/uploads\/2016\/11\/vigne-x-chateau-grinou-byplane-300x200.jpg"},{"@type":"BreadcrumbList","@id":"https:\/\/www.chateau-grinou.com\/index.php\/presentation-chateau-grinou\/#breadcrumb","itemListElement":[{"@type":"ListItem","position":1,"name":"Accueil","item":"https:\/\/www.chateau-grinou.com\/index.php\/presentation-chateau-grinou\/"},{"@type":"ListItem","position":2,"name":"Pr\u00e9sentation du vignoble Ch\u00e2teau Grinou"}]},{"@type":"WebSite","@id":"https:\/\/www.chateau-grinou.com\/#website","url":"https:\/\/www.chateau-grinou.com\/","name":"Ch\u00e2teau Grinou","description":"","potentialAction":[{"@type":"SearchAction","target":{"@type":"EntryPoint","urlTemplate":"https:\/\/www.chateau-grinou.com\/?s={search_term_string}"},"query-input":"required name=search_term_string"}],"inLanguage":"fr-FR"}]}},"jetpack_sharing_enabled":true,"jetpack_shortlink":"https:\/\/wp.me\/P8gead-2","jetpack-related-posts":[],"_links":{"self":[{"href":"https:\/\/www.chateau-grinou.com\/index.php\/wp-json\/wp\/v2\/pages\/2"}],"collection":[{"href":"https:\/\/www.chateau-grinou.com\/index.php\/wp-json\/wp\/v2\/pages"}],"about":[{"href":"https:\/\/www.chateau-grinou.com\/index.php\/wp-json\/wp\/v2\/types\/page"}],"author":[{"embeddable":true,"href":"https:\/\/www.chateau-grinou.com\/index.php\/wp-json\/wp\/v2\/users\/1"}],"replies":[{"embeddable":true,"href":"https:\/\/www.chateau-grinou.com\/index.php\/wp-json\/wp\/v2\/comments?post=2"}],"version-history":[{"count":45,"href":"https:\/\/www.chateau-grinou.com\/index.php\/wp-json\/wp\/v2\/pages\/2\/revisions"}],"predecessor-version":[{"id":702,"href":"https:\/\/www.chateau-grinou.com\/index.php\/wp-json\/wp\/v2\/pages\/2\/revisions\/702"}],"wp:attachment":[{"href":"https:\/\/www.chateau-grinou.com\/index.php\/wp-json\/wp\/v2\/media?parent=2"}],"curies":[{"name":"wp","href":"https:\/\/api.w.org\/{rel}","templated":true}]}}